{"id":1090,"date":"2025-11-19T21:04:24","date_gmt":"2025-11-19T21:04:24","guid":{"rendered":"https:\/\/alsper.al\/?page_id=1090"},"modified":"2025-12-06T23:23:32","modified_gmt":"2025-12-06T23:23:32","slug":"gardhe-alumini","status":"publish","type":"page","link":"https:\/\/alsper.al\/en\/gardhe-alumini\/","title":{"rendered":"Aluminium fences"},"content":{"rendered":"<div data-elementor-type=\"wp-page\" data-elementor-id=\"1090\" class=\"elementor elementor-1090\">\n\t\t\t\t<div class=\"elementor-element elementor-element-715941f e-flex e-con-boxed e-con e-parent\" data-id=\"715941f\" data-element_type=\"container\" data-e-type=\"container\">\n\t\t\t\t\t<div class=\"e-con-inner\">\n\t\t<div class=\"elementor-element elementor-element-77c16dc e-con-full e-flex e-con e-child\" data-id=\"77c16dc\" data-element_type=\"container\" data-e-type=\"container\">\n\t\t\t\t<div class=\"elementor-element elementor-element-0af3752 elementor-widget elementor-widget-heading\" data-id=\"0af3752\" data-element_type=\"widget\" data-e-type=\"widget\" data-widget_type=\"heading.default\">\n\t\t\t\t\t<h1 class=\"elementor-heading-title elementor-size-default\">Aluminium fences<\/h1>\t\t\t\t<\/div>\n\t\t\t\t<\/div>\n\t\t\t\t\t<\/div>\n\t\t\t\t<\/div>\n\t\t<div class=\"elementor-element elementor-element-3e54079 e-flex e-con-boxed e-con e-parent\" data-id=\"3e54079\" data-element_type=\"container\" data-e-type=\"container\">\n\t\t\t\t\t<div class=\"e-con-inner\">\n\t\t<div class=\"elementor-element elementor-element-377688d e-con-full e-flex e-con e-child\" data-id=\"377688d\" data-element_type=\"container\" data-e-type=\"container\">\n\t\t\t\t<div class=\"elementor-element elementor-element-9cede58 elementor-widget elementor-widget-text-editor\" data-id=\"9cede58\" data-element_type=\"widget\" data-e-type=\"widget\" data-widget_type=\"text-editor.default\">\n\t\t\t\t\t\t\t\t\t<p>ALSPER aluminum fences are modern and long-lasting solutions for fencing, dividing and decorating outdoor spaces. Made from high-quality aluminum profiles, they guarantee weather resistance, zero corrosion and minimal maintenance. With contemporary design and various colors, our fences fit in yards, villas, balconies, terraces and business premises.<\/p>\t\t\t\t\t\t\t\t<\/div>\n\t\t\t\t<div class=\"elementor-element elementor-element-a13c438 elementor-widget elementor-widget-text-editor\" data-id=\"a13c438\" data-element_type=\"widget\" data-e-type=\"widget\" data-widget_type=\"text-editor.default\">\n\t\t\t\t\t\t\t\t\t<p>The systems can be customized in dimensions, panel model and privacy level according to your needs, combining security with aesthetics. Professional installation and solid construction ensure complete stability and durability. ALSPER offers a wide range of models to create a safe, elegant and functional environment in any space.<\/p>\t\t\t\t\t\t\t\t<\/div>\n\t\t\t\t<\/div>\n\t\t<div class=\"elementor-element elementor-element-c5b6720 e-con-full e-flex e-con e-child\" data-id=\"c5b6720\" data-element_type=\"container\" data-e-type=\"container\">\n\t\t\t\t<div class=\"elementor-element elementor-element-dff6bff elementor-widget elementor-widget-image\" data-id=\"dff6bff\" data-element_type=\"widget\" data-e-type=\"widget\" data-widget_type=\"image.default\">\n\t\t\t\t\t\t\t\t\t\t\t\t\t\t\t<img fetchpriority=\"high\" decoding=\"async\" width=\"800\" height=\"600\" src=\"https:\/\/alsper.al\/wp-content\/uploads\/2025\/12\/gardhe-alumini-2.jpg\" class=\"attachment-large size-large wp-image-1582\" alt=\"gardhe alumini\" srcset=\"https:\/\/alsper.al\/wp-content\/uploads\/2025\/12\/gardhe-alumini-2.jpg 1024w, https:\/\/alsper.al\/wp-content\/uploads\/2025\/12\/gardhe-alumini-2-300x225.jpg 300w, https:\/\/alsper.al\/wp-content\/uploads\/2025\/12\/gardhe-alumini-2-768x576.jpg 768w\" sizes=\"(max-width: 800px) 100vw, 800px\" \/>\t\t\t\t\t\t\t\t\t\t\t\t\t\t\t<\/div>\n\t\t\t\t<\/div>\n\t\t\t\t\t<\/div>\n\t\t\t\t<\/div>\n\t\t<div class=\"elementor-element elementor-element-963151a e-flex e-con-boxed e-con e-parent\" data-id=\"963151a\" data-element_type=\"container\" data-e-type=\"container\">\n\t\t\t\t\t<div class=\"e-con-inner\">\n\t\t<div class=\"elementor-element elementor-element-98eebe4 e-con-full e-flex e-con e-child\" data-id=\"98eebe4\" data-element_type=\"container\" data-e-type=\"container\">\n\t\t\t\t<div class=\"elementor-element elementor-element-daf7029 elementor-widget elementor-widget-heading\" data-id=\"daf7029\" data-element_type=\"widget\" data-e-type=\"widget\" data-widget_type=\"heading.default\">\n\t\t\t\t\t<h2 class=\"elementor-heading-title elementor-size-default\">What makes ALSPER aluminum fences special?<\/h2>\t\t\t\t<\/div>\n\t\t\t\t<div class=\"elementor-element elementor-element-07c48a0 elementor-widget elementor-widget-toggle\" data-id=\"07c48a0\" data-element_type=\"widget\" data-e-type=\"widget\" data-widget_type=\"toggle.default\">\n\t\t\t\t\t\t\t<div class=\"elementor-toggle\">\n\t\t\t\t\t\t\t<div class=\"elementor-toggle-item\">\n\t\t\t\t\t<div id=\"elementor-tab-title-8141\" class=\"elementor-tab-title\" data-tab=\"1\" role=\"button\" aria-controls=\"elementor-tab-content-8141\" aria-expanded=\"false\">\n\t\t\t\t\t\t\t\t\t\t\t\t<span class=\"elementor-toggle-icon elementor-toggle-icon-right\" aria-hidden=\"true\">\n\t\t\t\t\t\t\t\t\t\t\t\t\t\t\t<span class=\"elementor-toggle-icon-closed\"><i class=\"jki jki-angle-down-solid\"><\/i><\/span>\n\t\t\t\t\t\t\t\t<span class=\"elementor-toggle-icon-opened\"><i class=\"elementor-toggle-icon-opened jki jki-angle-up-solid\"><\/i><\/span>\n\t\t\t\t\t\t\t\t\t\t\t\t\t<\/span>\n\t\t\t\t\t\t\t\t\t\t\t\t<a class=\"elementor-toggle-title\" tabindex=\"0\">Aluminum Fences with High Resistance and Zero Corrosion<\/a>\n\t\t\t\t\t<\/div>\n\n\t\t\t\t\t<div id=\"elementor-tab-content-8141\" class=\"elementor-tab-content elementor-clearfix\" data-tab=\"1\" role=\"region\" aria-labelledby=\"elementor-tab-title-8141\"><p data-start=\"148\" data-end=\"231\">Aluminum fences do not rust and remain unchanged in all weather conditions.<\/p><\/div>\n\t\t\t\t<\/div>\n\t\t\t\t\t\t\t<div class=\"elementor-toggle-item\">\n\t\t\t\t\t<div id=\"elementor-tab-title-8142\" class=\"elementor-tab-title\" data-tab=\"2\" role=\"button\" aria-controls=\"elementor-tab-content-8142\" aria-expanded=\"false\">\n\t\t\t\t\t\t\t\t\t\t\t\t<span class=\"elementor-toggle-icon elementor-toggle-icon-right\" aria-hidden=\"true\">\n\t\t\t\t\t\t\t\t\t\t\t\t\t\t\t<span class=\"elementor-toggle-icon-closed\"><i class=\"jki jki-angle-down-solid\"><\/i><\/span>\n\t\t\t\t\t\t\t\t<span class=\"elementor-toggle-icon-opened\"><i class=\"elementor-toggle-icon-opened jki jki-angle-up-solid\"><\/i><\/span>\n\t\t\t\t\t\t\t\t\t\t\t\t\t<\/span>\n\t\t\t\t\t\t\t\t\t\t\t\t<a class=\"elementor-toggle-title\" tabindex=\"0\">Modern Design and Clean Aesthetics<\/a>\n\t\t\t\t\t<\/div>\n\n\t\t\t\t\t<div id=\"elementor-tab-content-8142\" class=\"elementor-tab-content elementor-clearfix\" data-tab=\"2\" role=\"region\" aria-labelledby=\"elementor-tab-title-8142\"><p data-start=\"282\" data-end=\"358\">Contemporary models that give the environment an elegant and neat look.<\/p><\/div>\n\t\t\t\t<\/div>\n\t\t\t\t\t\t\t<div class=\"elementor-toggle-item\">\n\t\t\t\t\t<div id=\"elementor-tab-title-8143\" class=\"elementor-tab-title\" data-tab=\"3\" role=\"button\" aria-controls=\"elementor-tab-content-8143\" aria-expanded=\"false\">\n\t\t\t\t\t\t\t\t\t\t\t\t<span class=\"elementor-toggle-icon elementor-toggle-icon-right\" aria-hidden=\"true\">\n\t\t\t\t\t\t\t\t\t\t\t\t\t\t\t<span class=\"elementor-toggle-icon-closed\"><i class=\"jki jki-angle-down-solid\"><\/i><\/span>\n\t\t\t\t\t\t\t\t<span class=\"elementor-toggle-icon-opened\"><i class=\"elementor-toggle-icon-opened jki jki-angle-up-solid\"><\/i><\/span>\n\t\t\t\t\t\t\t\t\t\t\t\t\t<\/span>\n\t\t\t\t\t\t\t\t\t\t\t\t<a class=\"elementor-toggle-title\" tabindex=\"0\">Personalization by Dimensions and Colors<\/a>\n\t\t\t\t\t<\/div>\n\n\t\t\t\t\t<div id=\"elementor-tab-content-8143\" class=\"elementor-tab-content elementor-clearfix\" data-tab=\"3\" role=\"region\" aria-labelledby=\"elementor-tab-title-8143\"><p data-start=\"418\" data-end=\"507\">Choose the height, color, and pattern that best suits the style of your space.<\/p><\/div>\n\t\t\t\t<\/div>\n\t\t\t\t\t\t\t<div class=\"elementor-toggle-item\">\n\t\t\t\t\t<div id=\"elementor-tab-title-8144\" class=\"elementor-tab-title\" data-tab=\"4\" role=\"button\" aria-controls=\"elementor-tab-content-8144\" aria-expanded=\"false\">\n\t\t\t\t\t\t\t\t\t\t\t\t<span class=\"elementor-toggle-icon elementor-toggle-icon-right\" aria-hidden=\"true\">\n\t\t\t\t\t\t\t\t\t\t\t\t\t\t\t<span class=\"elementor-toggle-icon-closed\"><i class=\"jki jki-angle-down-solid\"><\/i><\/span>\n\t\t\t\t\t\t\t\t<span class=\"elementor-toggle-icon-opened\"><i class=\"elementor-toggle-icon-opened jki jki-angle-up-solid\"><\/i><\/span>\n\t\t\t\t\t\t\t\t\t\t\t\t\t<\/span>\n\t\t\t\t\t\t\t\t\t\t\t\t<a class=\"elementor-toggle-title\" tabindex=\"0\">Aluminum Fences for Privacy and Added Security<\/a>\n\t\t\t\t\t<\/div>\n\n\t\t\t\t\t<div id=\"elementor-tab-content-8144\" class=\"elementor-tab-content elementor-clearfix\" data-tab=\"4\" role=\"region\" aria-labelledby=\"elementor-tab-title-8144\"><p data-start=\"552\" data-end=\"642\">Closed or semi-open panels that provide privacy without compromising aesthetics.<\/p><\/div>\n\t\t\t\t<\/div>\n\t\t\t\t\t\t\t<div class=\"elementor-toggle-item\">\n\t\t\t\t\t<div id=\"elementor-tab-title-8145\" class=\"elementor-tab-title\" data-tab=\"5\" role=\"button\" aria-controls=\"elementor-tab-content-8145\" aria-expanded=\"false\">\n\t\t\t\t\t\t\t\t\t\t\t\t<span class=\"elementor-toggle-icon elementor-toggle-icon-right\" aria-hidden=\"true\">\n\t\t\t\t\t\t\t\t\t\t\t\t\t\t\t<span class=\"elementor-toggle-icon-closed\"><i class=\"jki jki-angle-down-solid\"><\/i><\/span>\n\t\t\t\t\t\t\t\t<span class=\"elementor-toggle-icon-opened\"><i class=\"elementor-toggle-icon-opened jki jki-angle-up-solid\"><\/i><\/span>\n\t\t\t\t\t\t\t\t\t\t\t\t\t<\/span>\n\t\t\t\t\t\t\t\t\t\t\t\t<a class=\"elementor-toggle-title\" tabindex=\"0\">Professional Installation and Minimal Maintenance<\/a>\n\t\t\t\t\t<\/div>\n\n\t\t\t\t\t<div id=\"elementor-tab-content-8145\" class=\"elementor-tab-content elementor-clearfix\" data-tab=\"5\" role=\"region\" aria-labelledby=\"elementor-tab-title-8145\"><p data-start=\"703\" data-end=\"804\">Precise assembly and maintenance-free material, making the solution long-lasting and practical.<\/p><\/div>\n\t\t\t\t<\/div>\n\t\t\t\t\t\t\t\t\t\t<script type=\"application\/ld+json\">{\n    \"@context\": \"https:\\\/\\\/schema.org\",\n    \"@type\": \"FAQPage\",\n    \"mainEntity\": [\n        {\n            \"@type\": \"Question\",\n            \"name\": \"Gardhe Alumini me Rezistenc\\u00eb e Lart\\u00eb dhe Zero Korrozion\",\n            \"acceptedAnswer\": {\n                \"@type\": \"Answer\",\n                \"text\": \"<p data-start=\\\"148\\\" data-end=\\\"231\\\">Gardhet prej alumini nuk ndryshken dhe q\\u00ebndrojn\\u00eb t\\u00eb pandryshuara n\\u00eb \\u00e7do kusht moti.<\\\/p>\"\n            }\n        },\n        {\n            \"@type\": \"Question\",\n            \"name\": \"Dizajn Modern dhe Estetik\\u00eb e Past\\u00ebr\",\n            \"acceptedAnswer\": {\n                \"@type\": \"Answer\",\n                \"text\": \"<p data-start=\\\"282\\\" data-end=\\\"358\\\">Modele bashk\\u00ebkohore q\\u00eb i japin ambientit nj\\u00eb pamje elegante dhe t\\u00eb rregullt.<\\\/p>\"\n            }\n        },\n        {\n            \"@type\": \"Question\",\n            \"name\": \"Personalizim sipas Dimensioneve dhe Ngjyrave\",\n            \"acceptedAnswer\": {\n                \"@type\": \"Answer\",\n                \"text\": \"<p data-start=\\\"418\\\" data-end=\\\"507\\\">Zgjidhni lart\\u00ebsin\\u00eb, ngjyr\\u00ebn dhe modelin q\\u00eb i p\\u00ebrshtatet m\\u00eb mir\\u00eb stilit t\\u00eb hap\\u00ebsir\\u00ebs suaj.<\\\/p>\"\n            }\n        },\n        {\n            \"@type\": \"Question\",\n            \"name\": \"Gardhe Alumini p\\u00ebr privat\\u00ebsi dhe Siguri e Shtuar\",\n            \"acceptedAnswer\": {\n                \"@type\": \"Answer\",\n                \"text\": \"<p data-start=\\\"552\\\" data-end=\\\"642\\\">Panele t\\u00eb mbyllura ose gjysm\\u00eb t\\u00eb hapura q\\u00eb sigurojn\\u00eb privat\\u00ebsi pa kompromentuar estetik\\u00ebn.<\\\/p>\"\n            }\n        },\n        {\n            \"@type\": \"Question\",\n            \"name\": \"Instalimi Profesional dhe Mir\\u00ebmbajtje Minimal\",\n            \"acceptedAnswer\": {\n                \"@type\": \"Answer\",\n                \"text\": \"<p data-start=\\\"703\\\" data-end=\\\"804\\\">Montim i sakt\\u00eb dhe materiali q\\u00eb nuk k\\u00ebrkon mir\\u00ebmbajtje, duke e b\\u00ebr\\u00eb zgjidhjen afatgjat\\u00eb dhe praktike.<\\\/p>\"\n            }\n        }\n    ]\n}<\/script>\n\t\t\t\t\t<\/div>\n\t\t\t\t\t\t<\/div>\n\t\t\t\t<\/div>\n\t\t\t\t\t<\/div>\n\t\t\t\t<\/div>\n\t\t\t\t<\/div>","protected":false},"excerpt":{"rendered":"<p>Gardhe Alumini Gardhe alumini t\u00eb ALSPER jan\u00eb zgjidhje moderne dhe afatgjata p\u00ebr rrethimin, ndarjen dhe dekorimin e hap\u00ebsirave t\u00eb jashtme. T\u00eb prodhuara nga profile alumini t\u00eb cil\u00ebsis\u00eb s\u00eb lart\u00eb, ato garantojn\u00eb rezistenc\u00eb ndaj motit, zero korrozion dhe mir\u00ebmbajtje minimale. Me dizajn bashk\u00ebkohor dhe ngjyra t\u00eb ndryshme, gardhet tona p\u00ebrshtaten n\u00eb oborre, vila, ballkone, tarraca dhe [&hellip;]<\/p>","protected":false},"author":1,"featured_media":0,"parent":0,"menu_order":0,"comment_status":"closed","ping_status":"closed","template":"","meta":{"footnotes":""},"class_list":["post-1090","page","type-page","status-publish","hentry"],"yoast_head":"<!-- This site is optimized with the Yoast SEO plugin v27.5 - https:\/\/yoast.com\/product\/yoast-seo-wordpress\/ -->\n<title>Gardhe Alumini, Kangjella, Parapete<\/title>\n<meta name=\"description\" content=\"Gardhe Alumini rrethimin, ndarjen dhe dekorimin e hap\u00ebsirave t\u00eb jashtme. Kangjella, Parapete, Rrethime alumini.\" \/>\n<meta name=\"robots\" content=\"index, follow, max-snippet:-1, max-image-preview:large, max-video-preview:-1\" \/>\n<link rel=\"canonical\" href=\"https:\/\/alsper.al\/en\/gardhe-alumini\/\" \/>\n<meta property=\"og:locale\" content=\"en_US\" \/>\n<meta property=\"og:type\" content=\"article\" \/>\n<meta property=\"og:title\" content=\"Gardhe Alumini, Kangjella, Parapete\" \/>\n<meta property=\"og:description\" content=\"Gardhe Alumini rrethimin, ndarjen dhe dekorimin e hap\u00ebsirave t\u00eb jashtme. Kangjella, Parapete, Rrethime alumini.\" \/>\n<meta property=\"og:url\" content=\"https:\/\/alsper.al\/en\/gardhe-alumini\/\" \/>\n<meta property=\"article:modified_time\" content=\"2025-12-06T23:23:32+00:00\" \/>\n<meta property=\"og:image\" content=\"https:\/\/alsper.al\/wp-content\/uploads\/2025\/12\/gardhe-alumini-2.jpg\" \/>\n\t<meta property=\"og:image:width\" content=\"1024\" \/>\n\t<meta property=\"og:image:height\" content=\"768\" \/>\n\t<meta property=\"og:image:type\" content=\"image\/jpeg\" \/>\n<meta name=\"twitter:label1\" content=\"Est. reading time\" \/>\n\t<meta name=\"twitter:data1\" content=\"1 minute\" \/>\n<script type=\"application\/ld+json\" class=\"yoast-schema-graph\">{\"@context\":\"https:\\\/\\\/schema.org\",\"@graph\":[{\"@type\":\"WebPage\",\"@id\":\"https:\\\/\\\/alsper.al\\\/gardhe-alumini\\\/\",\"url\":\"https:\\\/\\\/alsper.al\\\/gardhe-alumini\\\/\",\"name\":\"Gardhe Alumini, Kangjella, Parapete\",\"isPartOf\":{\"@id\":\"https:\\\/\\\/alsper.al\\\/#website\"},\"primaryImageOfPage\":{\"@id\":\"https:\\\/\\\/alsper.al\\\/gardhe-alumini\\\/#primaryimage\"},\"image\":{\"@id\":\"https:\\\/\\\/alsper.al\\\/gardhe-alumini\\\/#primaryimage\"},\"thumbnailUrl\":\"https:\\\/\\\/alsper.al\\\/wp-content\\\/uploads\\\/2025\\\/12\\\/gardhe-alumini-2.jpg\",\"datePublished\":\"2025-11-19T21:04:24+00:00\",\"dateModified\":\"2025-12-06T23:23:32+00:00\",\"description\":\"Gardhe Alumini rrethimin, ndarjen dhe dekorimin e hap\u00ebsirave t\u00eb jashtme. Kangjella, Parapete, Rrethime alumini.\",\"inLanguage\":\"en-US\",\"potentialAction\":[{\"@type\":\"ReadAction\",\"target\":[\"https:\\\/\\\/alsper.al\\\/gardhe-alumini\\\/\"]}]},{\"@type\":\"ImageObject\",\"inLanguage\":\"en-US\",\"@id\":\"https:\\\/\\\/alsper.al\\\/gardhe-alumini\\\/#primaryimage\",\"url\":\"https:\\\/\\\/alsper.al\\\/wp-content\\\/uploads\\\/2025\\\/12\\\/gardhe-alumini-2.jpg\",\"contentUrl\":\"https:\\\/\\\/alsper.al\\\/wp-content\\\/uploads\\\/2025\\\/12\\\/gardhe-alumini-2.jpg\"},{\"@type\":\"WebSite\",\"@id\":\"https:\\\/\\\/alsper.al\\\/#website\",\"url\":\"https:\\\/\\\/alsper.al\\\/\",\"name\":\"\",\"description\":\"\",\"potentialAction\":[{\"@type\":\"SearchAction\",\"target\":{\"@type\":\"EntryPoint\",\"urlTemplate\":\"https:\\\/\\\/alsper.al\\\/?s={search_term_string}\"},\"query-input\":{\"@type\":\"PropertyValueSpecification\",\"valueRequired\":true,\"valueName\":\"search_term_string\"}}],\"inLanguage\":\"en-US\"}]}<\/script>\n<!-- \/ Yoast SEO plugin. -->","yoast_head_json":{"title":"Aluminum Fences, Railings, Parapets","description":"Aluminum Fence Production, fencing, dividing and decorating outdoor spaces. Railings, Parapets, Aluminum Fences. Manufacturing factory for fence railings.","robots":{"index":"index","follow":"follow","max-snippet":"max-snippet:-1","max-image-preview":"max-image-preview:large","max-video-preview":"max-video-preview:-1"},"canonical":"https:\/\/alsper.al\/en\/gardhe-alumini\/","og_locale":"en_US","og_type":"article","og_title":"Gardhe Alumini, Kangjella, Parapete","og_description":"Gardhe Alumini rrethimin, ndarjen dhe dekorimin e hap\u00ebsirave t\u00eb jashtme. Kangjella, Parapete, Rrethime alumini.","og_url":"https:\/\/alsper.al\/en\/gardhe-alumini\/","article_modified_time":"2025-12-06T23:23:32+00:00","og_image":[{"width":1024,"height":768,"url":"https:\/\/alsper.al\/wp-content\/uploads\/2025\/12\/gardhe-alumini-2.jpg","type":"image\/jpeg"}],"twitter_misc":{"Est. reading time":"1 minute"},"schema":{"@context":"https:\/\/schema.org","@graph":[{"@type":"WebPage","@id":"https:\/\/alsper.al\/gardhe-alumini\/","url":"https:\/\/alsper.al\/gardhe-alumini\/","name":"Aluminum Fences, Railings, Parapets","isPartOf":{"@id":"https:\/\/alsper.al\/#website"},"primaryImageOfPage":{"@id":"https:\/\/alsper.al\/gardhe-alumini\/#primaryimage"},"image":{"@id":"https:\/\/alsper.al\/gardhe-alumini\/#primaryimage"},"thumbnailUrl":"https:\/\/alsper.al\/wp-content\/uploads\/2025\/12\/gardhe-alumini-2.jpg","datePublished":"2025-11-19T21:04:24+00:00","dateModified":"2025-12-06T23:23:32+00:00","description":"Aluminum Fence Production, fencing, dividing and decorating outdoor spaces. Railings, Parapets, Aluminum Fences. Manufacturing factory for fence railings.","inLanguage":"en-US","potentialAction":[{"@type":"ReadAction","target":["https:\/\/alsper.al\/gardhe-alumini\/"]}]},{"@type":"ImageObject","inLanguage":"en-US","@id":"https:\/\/alsper.al\/gardhe-alumini\/#primaryimage","url":"https:\/\/alsper.al\/wp-content\/uploads\/2025\/12\/gardhe-alumini-2.jpg","contentUrl":"https:\/\/alsper.al\/wp-content\/uploads\/2025\/12\/gardhe-alumini-2.jpg"},{"@type":"WebSite","@id":"https:\/\/alsper.al\/#website","url":"https:\/\/alsper.al\/","name":"","description":"","potentialAction":[{"@type":"SearchAction","target":{"@type":"EntryPoint","urlTemplate":"https:\/\/alsper.al\/?s={search_term_string}"},"query-input":{"@type":"PropertyValueSpecification","valueRequired":true,"valueName":"search_term_string"}}],"inLanguage":"en-US"}]}},"_links":{"self":[{"href":"https:\/\/alsper.al\/en\/wp-json\/wp\/v2\/pages\/1090","targetHints":{"allow":["GET"]}}],"collection":[{"href":"https:\/\/alsper.al\/en\/wp-json\/wp\/v2\/pages"}],"about":[{"href":"https:\/\/alsper.al\/en\/wp-json\/wp\/v2\/types\/page"}],"author":[{"embeddable":true,"href":"https:\/\/alsper.al\/en\/wp-json\/wp\/v2\/users\/1"}],"replies":[{"embeddable":true,"href":"https:\/\/alsper.al\/en\/wp-json\/wp\/v2\/comments?post=1090"}],"version-history":[{"count":25,"href":"https:\/\/alsper.al\/en\/wp-json\/wp\/v2\/pages\/1090\/revisions"}],"predecessor-version":[{"id":1864,"href":"https:\/\/alsper.al\/en\/wp-json\/wp\/v2\/pages\/1090\/revisions\/1864"}],"wp:attachment":[{"href":"https:\/\/alsper.al\/en\/wp-json\/wp\/v2\/media?parent=1090"}],"curies":[{"name":"wp","href":"https:\/\/api.w.org\/{rel}","templated":true}]}}