{"id":1360,"date":"2025-11-26T21:42:18","date_gmt":"2025-11-26T21:42:18","guid":{"rendered":"https:\/\/alsper.al\/?page_id=1360"},"modified":"2025-12-06T23:02:54","modified_gmt":"2025-12-06T23:02:54","slug":"profile-alumini-elemente","status":"publish","type":"page","link":"https:\/\/alsper.al\/en\/profile-alumini-elemente\/","title":{"rendered":"Aluminum Profiles &amp; Accessories"},"content":{"rendered":"<div data-elementor-type=\"wp-page\" data-elementor-id=\"1360\" class=\"elementor elementor-1360\">\n\t\t\t\t<div class=\"elementor-element elementor-element-f08a163 e-flex e-con-boxed e-con e-parent\" data-id=\"f08a163\" data-element_type=\"container\" data-e-type=\"container\">\n\t\t\t\t\t<div class=\"e-con-inner\">\n\t\t<div class=\"elementor-element elementor-element-39c3121 e-con-full e-flex e-con e-child\" data-id=\"39c3121\" data-element_type=\"container\" data-e-type=\"container\">\n\t\t\t\t<div class=\"elementor-element elementor-element-a5ecec9 elementor-widget elementor-widget-heading\" data-id=\"a5ecec9\" data-element_type=\"widget\" data-e-type=\"widget\" data-widget_type=\"heading.default\">\n\t\t\t\t\t<h1 class=\"elementor-heading-title elementor-size-default\">Aluminum profiles \/ elements for pergolas and bioclimatic systems<\/h1>\t\t\t\t<\/div>\n\t\t\t\t<\/div>\n\t\t\t\t\t<\/div>\n\t\t\t\t<\/div>\n\t\t<div class=\"elementor-element elementor-element-f60dc36 e-flex e-con-boxed e-con e-parent\" data-id=\"f60dc36\" data-element_type=\"container\" data-e-type=\"container\">\n\t\t\t\t\t<div class=\"e-con-inner\">\n\t\t<div class=\"elementor-element elementor-element-566858b e-con-full e-flex e-con e-child\" data-id=\"566858b\" data-element_type=\"container\" data-e-type=\"container\">\n\t\t\t\t<div class=\"elementor-element elementor-element-a25f3ed elementor-widget elementor-widget-text-editor\" data-id=\"a25f3ed\" data-element_type=\"widget\" data-e-type=\"widget\" data-widget_type=\"text-editor.default\">\n\t\t\t\t\t\t\t\t\t<p>ALSPER supplies a full range of aluminum profiles, accessories and elements for pergolas and bioclimatic systems, designed for professional manufacturers, installers and resellers. Our premium materials guarantee durability, weather resistance and high performance in any project, from residential terraces to commercial installations. Aluminum profiles are manufactured to high standards, with precise cuts and treatments that ensure maximum durability and stability of the structure.<\/p>\t\t\t\t\t\t\t\t<\/div>\n\t\t\t\t<div class=\"elementor-element elementor-element-bd7ceeb elementor-widget elementor-widget-text-editor\" data-id=\"bd7ceeb\" data-element_type=\"widget\" data-e-type=\"widget\" data-widget_type=\"text-editor.default\">\n\t\t\t\t\t\t\t\t\t<p>Our offer includes supporting profiles, structural covers, bioclimatic slats, motorization mechanisms, connecting pieces, mounting accessories and any other element necessary for the construction of modern systems. All components are compatible with each other, enabling quick assembly and professional installations. Thanks to its extensive stock, competitive prices and fast delivery, ALSPER is the ideal partner for businesses that require quality and reliability in their shading solutions.<\/p>\t\t\t\t\t\t\t\t<\/div>\n\t\t\t\t<\/div>\n\t\t<div class=\"elementor-element elementor-element-afda061 e-con-full e-flex e-con e-child\" data-id=\"afda061\" data-element_type=\"container\" data-e-type=\"container\">\n\t\t\t\t<div class=\"elementor-element elementor-element-3754212 elementor-widget elementor-widget-image\" data-id=\"3754212\" data-element_type=\"widget\" data-e-type=\"widget\" data-widget_type=\"image.default\">\n\t\t\t\t\t\t\t\t\t\t\t\t\t\t\t<img fetchpriority=\"high\" decoding=\"async\" width=\"800\" height=\"600\" src=\"https:\/\/alsper.al\/wp-content\/uploads\/2025\/11\/alsper-pergola-slider-1-1024x768.jpg\" class=\"attachment-large size-large wp-image-1364\" alt=\"Profile alumini, Aksesor\u00eb dhe Element\u00eb p\u00ebr Pergola &amp; Bioklimatike\" srcset=\"https:\/\/alsper.al\/wp-content\/uploads\/2025\/11\/alsper-pergola-slider-1-1024x768.jpg 1024w, https:\/\/alsper.al\/wp-content\/uploads\/2025\/11\/alsper-pergola-slider-1-300x225.jpg 300w, https:\/\/alsper.al\/wp-content\/uploads\/2025\/11\/alsper-pergola-slider-1-768x576.jpg 768w, https:\/\/alsper.al\/wp-content\/uploads\/2025\/11\/alsper-pergola-slider-1-1536x1152.jpg 1536w, https:\/\/alsper.al\/wp-content\/uploads\/2025\/11\/alsper-pergola-slider-1-2048x1536.jpg 2048w\" sizes=\"(max-width: 800px) 100vw, 800px\" \/>\t\t\t\t\t\t\t\t\t\t\t\t\t\t\t<\/div>\n\t\t\t\t<\/div>\n\t\t\t\t\t<\/div>\n\t\t\t\t<\/div>\n\t\t<div class=\"elementor-element elementor-element-ce7458d e-flex e-con-boxed e-con e-parent\" data-id=\"ce7458d\" data-element_type=\"container\" data-e-type=\"container\">\n\t\t\t\t\t<div class=\"e-con-inner\">\n\t\t<div class=\"elementor-element elementor-element-041e87b e-con-full e-flex e-con e-child\" data-id=\"041e87b\" data-element_type=\"container\" data-e-type=\"container\">\n\t\t\t\t<div class=\"elementor-element elementor-element-c56883b elementor-widget elementor-widget-heading\" data-id=\"c56883b\" data-element_type=\"widget\" data-e-type=\"widget\" data-widget_type=\"heading.default\">\n\t\t\t\t\t<h2 class=\"elementor-heading-title elementor-size-default\">Characteristics of aluminum profiles, accessories and elements for Pergolas &amp; Bioclimatic<\/h2>\t\t\t\t<\/div>\n\t\t\t\t<div class=\"elementor-element elementor-element-7931cc4 elementor-widget elementor-widget-toggle\" data-id=\"7931cc4\" data-element_type=\"widget\" data-e-type=\"widget\" data-widget_type=\"toggle.default\">\n\t\t\t\t\t\t\t<div class=\"elementor-toggle\">\n\t\t\t\t\t\t\t<div class=\"elementor-toggle-item\">\n\t\t\t\t\t<div id=\"elementor-tab-title-1271\" class=\"elementor-tab-title\" data-tab=\"1\" role=\"button\" aria-controls=\"elementor-tab-content-1271\" aria-expanded=\"false\">\n\t\t\t\t\t\t\t\t\t\t\t\t<span class=\"elementor-toggle-icon elementor-toggle-icon-right\" aria-hidden=\"true\">\n\t\t\t\t\t\t\t\t\t\t\t\t\t\t\t<span class=\"elementor-toggle-icon-closed\"><i class=\"jki jki-angle-down-solid\"><\/i><\/span>\n\t\t\t\t\t\t\t\t<span class=\"elementor-toggle-icon-opened\"><i class=\"elementor-toggle-icon-opened jki jki-angle-up-solid\"><\/i><\/span>\n\t\t\t\t\t\t\t\t\t\t\t\t\t<\/span>\n\t\t\t\t\t\t\t\t\t\t\t\t<a class=\"elementor-toggle-title\" tabindex=\"0\">Aluminum profiles for pergolas and bioclimatic systems<\/a>\n\t\t\t\t\t<\/div>\n\n\t\t\t\t\t<div id=\"elementor-tab-content-1271\" class=\"elementor-tab-content elementor-clearfix\" data-tab=\"1\" role=\"region\" aria-labelledby=\"elementor-tab-title-1271\"><p>Our aluminum profiles are designed for maximum stability and secure mounting on any type of pergola or bioclimatic structure.<\/p><\/div>\n\t\t\t\t<\/div>\n\t\t\t\t\t\t\t<div class=\"elementor-toggle-item\">\n\t\t\t\t\t<div id=\"elementor-tab-title-1272\" class=\"elementor-tab-title\" data-tab=\"2\" role=\"button\" aria-controls=\"elementor-tab-content-1272\" aria-expanded=\"false\">\n\t\t\t\t\t\t\t\t\t\t\t\t<span class=\"elementor-toggle-icon elementor-toggle-icon-right\" aria-hidden=\"true\">\n\t\t\t\t\t\t\t\t\t\t\t\t\t\t\t<span class=\"elementor-toggle-icon-closed\"><i class=\"jki jki-angle-down-solid\"><\/i><\/span>\n\t\t\t\t\t\t\t\t<span class=\"elementor-toggle-icon-opened\"><i class=\"elementor-toggle-icon-opened jki jki-angle-up-solid\"><\/i><\/span>\n\t\t\t\t\t\t\t\t\t\t\t\t\t<\/span>\n\t\t\t\t\t\t\t\t\t\t\t\t<a class=\"elementor-toggle-title\" tabindex=\"0\">Slats for Bioclimatic Systems<\/a>\n\t\t\t\t\t<\/div>\n\n\t\t\t\t\t<div id=\"elementor-tab-content-1272\" class=\"elementor-tab-content elementor-clearfix\" data-tab=\"2\" role=\"region\" aria-labelledby=\"elementor-tab-title-1272\"><p>The rotating slats are manufactured with high precision and guarantee optimal insulation, ventilation and light management.<\/p><\/div>\n\t\t\t\t<\/div>\n\t\t\t\t\t\t\t<div class=\"elementor-toggle-item\">\n\t\t\t\t\t<div id=\"elementor-tab-title-1273\" class=\"elementor-tab-title\" data-tab=\"3\" role=\"button\" aria-controls=\"elementor-tab-content-1273\" aria-expanded=\"false\">\n\t\t\t\t\t\t\t\t\t\t\t\t<span class=\"elementor-toggle-icon elementor-toggle-icon-right\" aria-hidden=\"true\">\n\t\t\t\t\t\t\t\t\t\t\t\t\t\t\t<span class=\"elementor-toggle-icon-closed\"><i class=\"jki jki-angle-down-solid\"><\/i><\/span>\n\t\t\t\t\t\t\t\t<span class=\"elementor-toggle-icon-opened\"><i class=\"elementor-toggle-icon-opened jki jki-angle-up-solid\"><\/i><\/span>\n\t\t\t\t\t\t\t\t\t\t\t\t\t<\/span>\n\t\t\t\t\t\t\t\t\t\t\t\t<a class=\"elementor-toggle-title\" tabindex=\"0\">Personalization by Dimensions and Colors<\/a>\n\t\t\t\t\t<\/div>\n\n\t\t\t\t\t<div id=\"elementor-tab-content-1273\" class=\"elementor-tab-content elementor-clearfix\" data-tab=\"3\" role=\"region\" aria-labelledby=\"elementor-tab-title-1273\"><p data-start=\"418\" data-end=\"507\">Choose the height, color, and pattern that best suits the style of your space.<\/p><\/div>\n\t\t\t\t<\/div>\n\t\t\t\t\t\t\t<div class=\"elementor-toggle-item\">\n\t\t\t\t\t<div id=\"elementor-tab-title-1274\" class=\"elementor-tab-title\" data-tab=\"4\" role=\"button\" aria-controls=\"elementor-tab-content-1274\" aria-expanded=\"false\">\n\t\t\t\t\t\t\t\t\t\t\t\t<span class=\"elementor-toggle-icon elementor-toggle-icon-right\" aria-hidden=\"true\">\n\t\t\t\t\t\t\t\t\t\t\t\t\t\t\t<span class=\"elementor-toggle-icon-closed\"><i class=\"jki jki-angle-down-solid\"><\/i><\/span>\n\t\t\t\t\t\t\t\t<span class=\"elementor-toggle-icon-opened\"><i class=\"elementor-toggle-icon-opened jki jki-angle-up-solid\"><\/i><\/span>\n\t\t\t\t\t\t\t\t\t\t\t\t\t<\/span>\n\t\t\t\t\t\t\t\t\t\t\t\t<a class=\"elementor-toggle-title\" tabindex=\"0\">Mounting Accessories<\/a>\n\t\t\t\t\t<\/div>\n\n\t\t\t\t\t<div id=\"elementor-tab-content-1274\" class=\"elementor-tab-content elementor-clearfix\" data-tab=\"4\" role=\"region\" aria-labelledby=\"elementor-tab-title-1274\"><p>High-quality connectors, clips, holders and fasteners that ensure professional installation and durability.<\/p><\/div>\n\t\t\t\t<\/div>\n\t\t\t\t\t\t\t<div class=\"elementor-toggle-item\">\n\t\t\t\t\t<div id=\"elementor-tab-title-1275\" class=\"elementor-tab-title\" data-tab=\"5\" role=\"button\" aria-controls=\"elementor-tab-content-1275\" aria-expanded=\"false\">\n\t\t\t\t\t\t\t\t\t\t\t\t<span class=\"elementor-toggle-icon elementor-toggle-icon-right\" aria-hidden=\"true\">\n\t\t\t\t\t\t\t\t\t\t\t\t\t\t\t<span class=\"elementor-toggle-icon-closed\"><i class=\"jki jki-angle-down-solid\"><\/i><\/span>\n\t\t\t\t\t\t\t\t<span class=\"elementor-toggle-icon-opened\"><i class=\"elementor-toggle-icon-opened jki jki-angle-up-solid\"><\/i><\/span>\n\t\t\t\t\t\t\t\t\t\t\t\t\t<\/span>\n\t\t\t\t\t\t\t\t\t\t\t\t<a class=\"elementor-toggle-title\" tabindex=\"0\">Motorization Mechanisms and Electrical Components<\/a>\n\t\t\t\t\t<\/div>\n\n\t\t\t\t\t<div id=\"elementor-tab-content-1275\" class=\"elementor-tab-content elementor-clearfix\" data-tab=\"5\" role=\"region\" aria-labelledby=\"elementor-tab-title-1275\"><p>Motors and automation systems suitable for any pergola or bioclimatic project.<\/p><\/div>\n\t\t\t\t<\/div>\n\t\t\t\t\t\t\t\t\t\t<script type=\"application\/ld+json\">{\n    \"@context\": \"https:\\\/\\\/schema.org\",\n    \"@type\": \"FAQPage\",\n    \"mainEntity\": [\n        {\n            \"@type\": \"Question\",\n            \"name\": \"Profile Alumini p\\u00ebr pergola dhe bioklimatike\",\n            \"acceptedAnswer\": {\n                \"@type\": \"Answer\",\n                \"text\": \"<p>Profilet tona t\\u00eb aluminit jan\\u00eb t\\u00eb dizajnuara p\\u00ebr stabilitet maksimal dhe montim t\\u00eb sigurt n\\u00eb \\u00e7do lloj pergole ose bioklimatike.<\\\/p>\"\n            }\n        },\n        {\n            \"@type\": \"Question\",\n            \"name\": \"Lamelat p\\u00ebr Sisteme Bioklimatike\",\n            \"acceptedAnswer\": {\n                \"@type\": \"Answer\",\n                \"text\": \"<p>Lamelat e rrotullueshme prodhohen me sakt\\u00ebsi t\\u00eb lart\\u00eb dhe garantojn\\u00eb izolim, ajrim dhe menaxhim optimal t\\u00eb drit\\u00ebs.<\\\/p>\"\n            }\n        },\n        {\n            \"@type\": \"Question\",\n            \"name\": \"Personalizim sipas Dimensioneve dhe Ngjyrave\",\n            \"acceptedAnswer\": {\n                \"@type\": \"Answer\",\n                \"text\": \"<p data-start=\\\"418\\\" data-end=\\\"507\\\">Zgjidhni lart\\u00ebsin\\u00eb, ngjyr\\u00ebn dhe modelin q\\u00eb i p\\u00ebrshtatet m\\u00eb mir\\u00eb stilit t\\u00eb hap\\u00ebsir\\u00ebs suaj.<\\\/p>\"\n            }\n        },\n        {\n            \"@type\": \"Question\",\n            \"name\": \"Aksesor\\u00eb Montimi dhe Lidh\\u00ebs\",\n            \"acceptedAnswer\": {\n                \"@type\": \"Answer\",\n                \"text\": \"<p>Copa lidh\\u00ebse, kap\\u00ebse, mbajt\\u00ebse dhe element\\u00eb fiksimi t\\u00eb cil\\u00ebsis\\u00eb s\\u00eb lart\\u00eb q\\u00eb sigurojn\\u00eb instalim profesional dhe jet\\u00ebgjat\\u00ebsi.<\\\/p>\"\n            }\n        },\n        {\n            \"@type\": \"Question\",\n            \"name\": \"Mekanizma Motorizimi dhe Komponent\\u00eb Elektrik\\u00eb\",\n            \"acceptedAnswer\": {\n                \"@type\": \"Answer\",\n                \"text\": \"<p>Motor\\u00eb dhe sisteme automatizimi t\\u00eb p\\u00ebrshtatsh\\u00ebm p\\u00ebr \\u00e7do projekt pergole ose bioklimatike.<\\\/p>\"\n            }\n        }\n    ]\n}<\/script>\n\t\t\t\t\t<\/div>\n\t\t\t\t\t\t<\/div>\n\t\t\t\t<\/div>\n\t\t\t\t\t<\/div>\n\t\t\t\t<\/div>\n\t\t<div class=\"elementor-element elementor-element-649bc55 e-flex e-con-boxed e-con e-parent\" data-id=\"649bc55\" data-element_type=\"container\" data-e-type=\"container\">\n\t\t\t\t\t<div class=\"e-con-inner\">\n\t\t<div class=\"elementor-element elementor-element-41afa65 e-con-full e-flex e-con e-child\" data-id=\"41afa65\" data-element_type=\"container\" data-e-type=\"container\">\n\t\t\t\t<div class=\"elementor-element elementor-element-49a0917 elementor-widget elementor-widget-heading\" data-id=\"49a0917\" data-element_type=\"widget\" data-e-type=\"widget\" data-widget_type=\"heading.default\">\n\t\t\t\t\t<h2 class=\"elementor-heading-title elementor-size-default\">Zip Curtains<\/h2>\t\t\t\t<\/div>\n\t\t\t\t<div class=\"elementor-element elementor-element-b26dd5d elementor-widget elementor-widget-text-editor\" data-id=\"b26dd5d\" data-element_type=\"widget\" data-e-type=\"widget\" data-widget_type=\"text-editor.default\">\n\t\t\t\t\t\t\t\t\t<p>ALSPER protective curtains are the ideal solution to partially enclose pergolas and bioclimatic systems, providing protection from wind, rain, insects and UV rays. Manufactured with premium materials and safe sliding or motorized mechanisms, they guarantee smooth functionality and trouble-free daily use. The curtains come in transparent, dark or screen variants, offering different levels of privacy according to the needs of the environment. They are perfect for bars, restaurants, hotel terraces or villa verandas that require comfort all year round. With a modern design and the possibility of integration into any existing structure, protective curtains turn any outdoor space into a closed, comfortable and protected area.<\/p>\t\t\t\t\t\t\t\t<\/div>\n\t\t\t\t<\/div>\n\t\t<div class=\"elementor-element elementor-element-f74f3f7 e-con-full e-flex e-con e-child\" data-id=\"f74f3f7\" data-element_type=\"container\" data-e-type=\"container\">\n\t\t\t\t<div class=\"elementor-element elementor-element-97e4527 elementor-widget elementor-widget-image\" data-id=\"97e4527\" data-element_type=\"widget\" data-e-type=\"widget\" data-widget_type=\"image.default\">\n\t\t\t\t\t\t\t\t\t\t\t\t\t\t\t<img decoding=\"async\" width=\"600\" height=\"466\" src=\"https:\/\/alsper.al\/wp-content\/uploads\/2025\/12\/Perde-Mbrojtese\u200b-per-pergola-dhe-biokltimatike.jpg\" class=\"attachment-large size-large wp-image-1728\" alt=\"\" srcset=\"https:\/\/alsper.al\/wp-content\/uploads\/2025\/12\/Perde-Mbrojtese\u200b-per-pergola-dhe-biokltimatike.jpg 600w, https:\/\/alsper.al\/wp-content\/uploads\/2025\/12\/Perde-Mbrojtese\u200b-per-pergola-dhe-biokltimatike-300x233.jpg 300w\" sizes=\"(max-width: 600px) 100vw, 600px\" \/>\t\t\t\t\t\t\t\t\t\t\t\t\t\t\t<\/div>\n\t\t\t\t<\/div>\n\t\t\t\t\t<\/div>\n\t\t\t\t<\/div>\n\t\t<div class=\"elementor-element elementor-element-54814d8 e-flex e-con-boxed e-con e-parent\" data-id=\"54814d8\" data-element_type=\"container\" data-e-type=\"container\">\n\t\t\t\t\t<div class=\"e-con-inner\">\n\t\t<div class=\"elementor-element elementor-element-2a0fef5 e-con-full e-flex e-con e-child\" data-id=\"2a0fef5\" data-element_type=\"container\" data-e-type=\"container\">\n\t\t\t\t<div class=\"elementor-element elementor-element-2adf0e2 elementor-widget elementor-widget-heading\" data-id=\"2adf0e2\" data-element_type=\"widget\" data-e-type=\"widget\" data-widget_type=\"heading.default\">\n\t\t\t\t\t<h2 class=\"elementor-heading-title elementor-size-default\">Automated Guillotine Glass<\/h2>\t\t\t\t<\/div>\n\t\t\t\t<div class=\"elementor-element elementor-element-b73e7c6 elementor-widget elementor-widget-text-editor\" data-id=\"b73e7c6\" data-element_type=\"widget\" data-e-type=\"widget\" data-widget_type=\"text-editor.default\">\n\t\t\t\t\t\t\t\t\t<p>ALSPER guillotine windows offer an elegant and innovative solution for closing outdoor spaces without compromising the panoramic view. The automated vertical system allows motorized opening and closing, offering total flexibility and ease of use. High-quality tempered glass guarantees safety, thermal and acoustic insulation, while the aluminum profile ensures stability and durability. Ideal for restaurants, bars, terraces, verandas and villas, the system creates an environment that is closed during the winter and open during the summer with a single command. ALSPER guillotine windows combine modern design with maximum functionality, transforming any space into a usable area in any season.<\/p>\t\t\t\t\t\t\t\t<\/div>\n\t\t\t\t<\/div>\n\t\t<div class=\"elementor-element elementor-element-a2cea38 e-con-full e-flex e-con e-child\" data-id=\"a2cea38\" data-element_type=\"container\" data-e-type=\"container\">\n\t\t\t\t<div class=\"elementor-element elementor-element-b409a1b elementor-widget elementor-widget-image\" data-id=\"b409a1b\" data-element_type=\"widget\" data-e-type=\"widget\" data-widget_type=\"image.default\">\n\t\t\t\t\t\t\t\t\t\t\t\t\t\t\t<img decoding=\"async\" width=\"800\" height=\"544\" src=\"https:\/\/alsper.al\/wp-content\/uploads\/2018\/09\/Sapphire-1024x696.jpg\" class=\"attachment-large size-large wp-image-770\" alt=\"Xhama Gijotine t\u00eb Automatizuar per pergola dhe bioklimatike\" srcset=\"https:\/\/alsper.al\/wp-content\/uploads\/2018\/09\/Sapphire.jpg 1024w, https:\/\/alsper.al\/wp-content\/uploads\/2018\/09\/Sapphire-300x204.jpg 300w, https:\/\/alsper.al\/wp-content\/uploads\/2018\/09\/Sapphire-768x522.jpg 768w\" sizes=\"(max-width: 800px) 100vw, 800px\" \/>\t\t\t\t\t\t\t\t\t\t\t\t\t\t\t<\/div>\n\t\t\t\t<\/div>\n\t\t\t\t\t<\/div>\n\t\t\t\t<\/div>\n\t\t\t\t<\/div>","protected":false},"excerpt":{"rendered":"<p>Profile alumini \/ element\u00eb p\u00ebr pergola dhe bioklimatike ALSPER furnizon nj\u00eb gam\u00eb t\u00eb plot\u00eb profile alumini, aksesor\u00eb dhe element\u00eb p\u00ebr pergola dhe sisteme bioklimatike, t\u00eb projektuar p\u00ebr prodhues, montues dhe rishit\u00ebs profesionist\u00eb. Materialet tona premium garantojn\u00eb q\u00ebndrueshm\u00ebri, rezistenc\u00eb ndaj motit dhe performanc\u00eb t\u00eb lart\u00eb n\u00eb \u00e7do projekt, nga tarracat rezidenciale te instalimet komerciale. Profilet alumini [&hellip;]<\/p>","protected":false},"author":1,"featured_media":0,"parent":0,"menu_order":0,"comment_status":"closed","ping_status":"closed","template":"","meta":{"footnotes":""},"class_list":["post-1360","page","type-page","status-publish","hentry"],"yoast_head":"<!-- This site is optimized with the Yoast SEO plugin v27.5 - https:\/\/yoast.com\/product\/yoast-seo-wordpress\/ -->\n<title>Profile Alumini, Perde Mbrojtese, Xhama Gijotine<\/title>\n<meta name=\"description\" content=\"Profile Alumini per pergola bioklimatike. Perde Mbrojtese per pergola bioklimatike. Xhama Gijotine per pergola bioklimatike.\" \/>\n<meta name=\"robots\" content=\"index, follow, max-snippet:-1, max-image-preview:large, max-video-preview:-1\" \/>\n<link rel=\"canonical\" href=\"https:\/\/alsper.al\/en\/profile-alumini-elemente\/\" \/>\n<meta property=\"og:locale\" content=\"en_US\" \/>\n<meta property=\"og:type\" content=\"article\" \/>\n<meta property=\"og:title\" content=\"Profile Alumini, Perde Mbrojtese, Xhama Gijotine\" \/>\n<meta property=\"og:description\" content=\"Profile Alumini per pergola bioklimatike. Perde Mbrojtese per pergola bioklimatike. Xhama Gijotine per pergola bioklimatike.\" \/>\n<meta property=\"og:url\" content=\"https:\/\/alsper.al\/en\/profile-alumini-elemente\/\" \/>\n<meta property=\"article:modified_time\" content=\"2025-12-06T23:02:54+00:00\" \/>\n<meta property=\"og:image\" content=\"https:\/\/alsper.al\/wp-content\/uploads\/2025\/11\/alsper-pergola-slider-1-1024x768.jpg\" \/>\n<meta name=\"twitter:label1\" content=\"Est. reading time\" \/>\n\t<meta name=\"twitter:data1\" content=\"3 minutes\" \/>\n<script type=\"application\/ld+json\" class=\"yoast-schema-graph\">{\"@context\":\"https:\\\/\\\/schema.org\",\"@graph\":[{\"@type\":\"WebPage\",\"@id\":\"https:\\\/\\\/alsper.al\\\/profile-alumini-elemente\\\/\",\"url\":\"https:\\\/\\\/alsper.al\\\/profile-alumini-elemente\\\/\",\"name\":\"Profile Alumini, Perde Mbrojtese, Xhama Gijotine\",\"isPartOf\":{\"@id\":\"https:\\\/\\\/alsper.al\\\/#website\"},\"primaryImageOfPage\":{\"@id\":\"https:\\\/\\\/alsper.al\\\/profile-alumini-elemente\\\/#primaryimage\"},\"image\":{\"@id\":\"https:\\\/\\\/alsper.al\\\/profile-alumini-elemente\\\/#primaryimage\"},\"thumbnailUrl\":\"https:\\\/\\\/alsper.al\\\/wp-content\\\/uploads\\\/2025\\\/11\\\/alsper-pergola-slider-1-1024x768.jpg\",\"datePublished\":\"2025-11-26T21:42:18+00:00\",\"dateModified\":\"2025-12-06T23:02:54+00:00\",\"description\":\"Profile Alumini per pergola bioklimatike. Perde Mbrojtese per pergola bioklimatike. Xhama Gijotine per pergola bioklimatike.\",\"inLanguage\":\"en-US\",\"potentialAction\":[{\"@type\":\"ReadAction\",\"target\":[\"https:\\\/\\\/alsper.al\\\/profile-alumini-elemente\\\/\"]}]},{\"@type\":\"ImageObject\",\"inLanguage\":\"en-US\",\"@id\":\"https:\\\/\\\/alsper.al\\\/profile-alumini-elemente\\\/#primaryimage\",\"url\":\"https:\\\/\\\/alsper.al\\\/wp-content\\\/uploads\\\/2025\\\/11\\\/alsper-pergola-slider-1-1024x768.jpg\",\"contentUrl\":\"https:\\\/\\\/alsper.al\\\/wp-content\\\/uploads\\\/2025\\\/11\\\/alsper-pergola-slider-1-1024x768.jpg\"},{\"@type\":\"WebSite\",\"@id\":\"https:\\\/\\\/alsper.al\\\/#website\",\"url\":\"https:\\\/\\\/alsper.al\\\/\",\"name\":\"\",\"description\":\"\",\"potentialAction\":[{\"@type\":\"SearchAction\",\"target\":{\"@type\":\"EntryPoint\",\"urlTemplate\":\"https:\\\/\\\/alsper.al\\\/?s={search_term_string}\"},\"query-input\":{\"@type\":\"PropertyValueSpecification\",\"valueRequired\":true,\"valueName\":\"search_term_string\"}}],\"inLanguage\":\"en-US\"}]}<\/script>\n<!-- \/ Yoast SEO plugin. -->","yoast_head_json":{"title":"Aluminum Profiles, Protective Curtains, Guillotine Glass","description":"Aluminum profiles for bioclimatic pergolas. Protective curtains for bioclimatic pergolas. Guillotine glass for bioclimatic pergolas.","robots":{"index":"index","follow":"follow","max-snippet":"max-snippet:-1","max-image-preview":"max-image-preview:large","max-video-preview":"max-video-preview:-1"},"canonical":"https:\/\/alsper.al\/en\/profile-alumini-elemente\/","og_locale":"en_US","og_type":"article","og_title":"Profile Alumini, Perde Mbrojtese, Xhama Gijotine","og_description":"Profile Alumini per pergola bioklimatike. Perde Mbrojtese per pergola bioklimatike. Xhama Gijotine per pergola bioklimatike.","og_url":"https:\/\/alsper.al\/en\/profile-alumini-elemente\/","article_modified_time":"2025-12-06T23:02:54+00:00","og_image":[{"url":"https:\/\/alsper.al\/wp-content\/uploads\/2025\/11\/alsper-pergola-slider-1-1024x768.jpg","type":"","width":"","height":""}],"twitter_misc":{"Est. reading time":"3 minutes"},"schema":{"@context":"https:\/\/schema.org","@graph":[{"@type":"WebPage","@id":"https:\/\/alsper.al\/profile-alumini-elemente\/","url":"https:\/\/alsper.al\/profile-alumini-elemente\/","name":"Aluminum Profiles, Protective Curtains, Guillotine Glass","isPartOf":{"@id":"https:\/\/alsper.al\/#website"},"primaryImageOfPage":{"@id":"https:\/\/alsper.al\/profile-alumini-elemente\/#primaryimage"},"image":{"@id":"https:\/\/alsper.al\/profile-alumini-elemente\/#primaryimage"},"thumbnailUrl":"https:\/\/alsper.al\/wp-content\/uploads\/2025\/11\/alsper-pergola-slider-1-1024x768.jpg","datePublished":"2025-11-26T21:42:18+00:00","dateModified":"2025-12-06T23:02:54+00:00","description":"Aluminum profiles for bioclimatic pergolas. Protective curtains for bioclimatic pergolas. Guillotine glass for bioclimatic pergolas.","inLanguage":"en-US","potentialAction":[{"@type":"ReadAction","target":["https:\/\/alsper.al\/profile-alumini-elemente\/"]}]},{"@type":"ImageObject","inLanguage":"en-US","@id":"https:\/\/alsper.al\/profile-alumini-elemente\/#primaryimage","url":"https:\/\/alsper.al\/wp-content\/uploads\/2025\/11\/alsper-pergola-slider-1-1024x768.jpg","contentUrl":"https:\/\/alsper.al\/wp-content\/uploads\/2025\/11\/alsper-pergola-slider-1-1024x768.jpg"},{"@type":"WebSite","@id":"https:\/\/alsper.al\/#website","url":"https:\/\/alsper.al\/","name":"","description":"","potentialAction":[{"@type":"SearchAction","target":{"@type":"EntryPoint","urlTemplate":"https:\/\/alsper.al\/?s={search_term_string}"},"query-input":{"@type":"PropertyValueSpecification","valueRequired":true,"valueName":"search_term_string"}}],"inLanguage":"en-US"}]}},"_links":{"self":[{"href":"https:\/\/alsper.al\/en\/wp-json\/wp\/v2\/pages\/1360","targetHints":{"allow":["GET"]}}],"collection":[{"href":"https:\/\/alsper.al\/en\/wp-json\/wp\/v2\/pages"}],"about":[{"href":"https:\/\/alsper.al\/en\/wp-json\/wp\/v2\/types\/page"}],"author":[{"embeddable":true,"href":"https:\/\/alsper.al\/en\/wp-json\/wp\/v2\/users\/1"}],"replies":[{"embeddable":true,"href":"https:\/\/alsper.al\/en\/wp-json\/wp\/v2\/comments?post=1360"}],"version-history":[{"count":75,"href":"https:\/\/alsper.al\/en\/wp-json\/wp\/v2\/pages\/1360\/revisions"}],"predecessor-version":[{"id":1853,"href":"https:\/\/alsper.al\/en\/wp-json\/wp\/v2\/pages\/1360\/revisions\/1853"}],"wp:attachment":[{"href":"https:\/\/alsper.al\/en\/wp-json\/wp\/v2\/media?parent=1360"}],"curies":[{"name":"wp","href":"https:\/\/api.w.org\/{rel}","templated":true}]}}