{"id":700,"date":"2018-07-29T00:09:53","date_gmt":"2018-07-29T00:09:53","guid":{"rendered":"https:\/\/alsper.al\/?page_id=700"},"modified":"2025-12-06T22:25:17","modified_gmt":"2025-12-06T22:25:17","slug":"pergola-bioklimatike-alumini","status":"publish","type":"page","link":"https:\/\/alsper.al\/en\/pergola-bioklimatike-alumini\/","title":{"rendered":"Bioclimatic Aluminum Pergola"},"content":{"rendered":"<div data-elementor-type=\"wp-page\" data-elementor-id=\"700\" class=\"elementor elementor-700\">\n\t\t\t\t<div class=\"elementor-element elementor-element-a2893a2 e-flex e-con-boxed e-con e-parent\" data-id=\"a2893a2\" data-element_type=\"container\" data-e-type=\"container\">\n\t\t\t\t\t<div class=\"e-con-inner\">\n\t\t<div class=\"elementor-element elementor-element-a656a25 e-con-full e-flex e-con e-child\" data-id=\"a656a25\" data-element_type=\"container\" data-e-type=\"container\">\n\t\t\t\t<div class=\"elementor-element elementor-element-c6cd967 elementor-widget elementor-widget-heading\" data-id=\"c6cd967\" data-element_type=\"widget\" data-e-type=\"widget\" data-widget_type=\"heading.default\">\n\t\t\t\t\t<h1 class=\"elementor-heading-title elementor-size-default\">Bioclimatic Aluminum Pergola<\/h1>\t\t\t\t<\/div>\n\t\t\t\t<\/div>\n\t\t\t\t\t<\/div>\n\t\t\t\t<\/div>\n\t\t<div class=\"elementor-element elementor-element-3f1abbe e-flex e-con-boxed e-con e-parent\" data-id=\"3f1abbe\" data-element_type=\"container\" data-e-type=\"container\">\n\t\t\t\t\t<div class=\"e-con-inner\">\n\t\t<div class=\"elementor-element elementor-element-7424b53 e-con-full e-flex e-con e-child\" data-id=\"7424b53\" data-element_type=\"container\" data-e-type=\"container\">\n\t\t\t\t<div class=\"elementor-element elementor-element-6c14cfc elementor-widget elementor-widget-text-editor\" data-id=\"6c14cfc\" data-element_type=\"widget\" data-e-type=\"widget\" data-widget_type=\"text-editor.default\">\n\t\t\t\t\t\t\t\t\t<p>ALSPER's bioclimatic and rotating aluminum folding roof systems represent the new generation of architectural solutions. These bioclimatic systems for terraces, verandas, balconies, hospitality environments and business spaces. With minimal design, durable structures and high-tech rotating slats, they offer complete control of light, ventilation and weather protection. The contemporary Prive Serie collection brings a new level of functionality, combining modern aesthetics with maximum performance.<\/p>\t\t\t\t\t\t\t\t<\/div>\n\t\t\t\t<div class=\"elementor-element elementor-element-4ce5c78 elementor-widget elementor-widget-text-editor\" data-id=\"4ce5c78\" data-element_type=\"widget\" data-e-type=\"widget\" data-widget_type=\"text-editor.default\">\n\t\t\t\t\t\t\t\t\t<p>Bioclimatic Aluminum Pergolas can be configured for any type of environment, whether private or public, guaranteeing perfect coverage and comfort all year round. Motorized automation, integrated LED lighting, side closures and weather sensors make this system a smart choice for bars, restaurants, hotels and villas. ALSPER brings a complete harmony between premium design, technology and functionality, transforming any outdoor space into a usable and elegant environment.<\/p>\t\t\t\t\t\t\t\t<\/div>\n\t\t\t\t<\/div>\n\t\t<div class=\"elementor-element elementor-element-b2a7ca1 e-con-full e-flex e-con e-child\" data-id=\"b2a7ca1\" data-element_type=\"container\" data-e-type=\"container\">\n\t\t\t\t<div class=\"elementor-element elementor-element-25ad9ee elementor-widget elementor-widget-image\" data-id=\"25ad9ee\" data-element_type=\"widget\" data-e-type=\"widget\" data-widget_type=\"image.default\">\n\t\t\t\t\t\t\t\t\t\t\t\t\t\t\t<img fetchpriority=\"high\" decoding=\"async\" width=\"800\" height=\"541\" src=\"https:\/\/alsper.al\/wp-content\/uploads\/2018\/09\/Prive-featured-1024x692.jpg\" class=\"attachment-large size-large wp-image-776\" alt=\"Bioclimatic Aluminum Pergola\" srcset=\"https:\/\/alsper.al\/wp-content\/uploads\/2018\/09\/Prive-featured-1024x692.jpg 1024w, https:\/\/alsper.al\/wp-content\/uploads\/2018\/09\/Prive-featured-300x203.jpg 300w, https:\/\/alsper.al\/wp-content\/uploads\/2018\/09\/Prive-featured-768x519.jpg 768w, https:\/\/alsper.al\/wp-content\/uploads\/2018\/09\/Prive-featured.jpg 1195w\" sizes=\"(max-width: 800px) 100vw, 800px\" \/>\t\t\t\t\t\t\t\t\t\t\t\t\t\t\t<\/div>\n\t\t\t\t<\/div>\n\t\t\t\t\t<\/div>\n\t\t\t\t<\/div>\n\t\t<div class=\"elementor-element elementor-element-f2c38e6 e-flex e-con-boxed e-con e-parent\" data-id=\"f2c38e6\" data-element_type=\"container\" data-e-type=\"container\">\n\t\t\t\t\t<div class=\"e-con-inner\">\n\t\t<div class=\"elementor-element elementor-element-bee9bd0 e-con-full e-flex e-con e-child\" data-id=\"bee9bd0\" data-element_type=\"container\" data-e-type=\"container\">\n\t\t\t\t<div class=\"elementor-element elementor-element-1438e1a elementor-widget elementor-widget-heading\" data-id=\"1438e1a\" data-element_type=\"widget\" data-e-type=\"widget\" data-widget_type=\"heading.default\">\n\t\t\t\t\t<h2 class=\"elementor-heading-title elementor-size-default\">What makes ALSPER Aluminum Bioclimatic Pergolas special?<\/h2>\t\t\t\t<\/div>\n\t\t\t\t<div class=\"elementor-element elementor-element-d61228c elementor-widget elementor-widget-toggle\" data-id=\"d61228c\" data-element_type=\"widget\" data-e-type=\"widget\" data-widget_type=\"toggle.default\">\n\t\t\t\t\t\t\t<div class=\"elementor-toggle\">\n\t\t\t\t\t\t\t<div class=\"elementor-toggle-item\">\n\t\t\t\t\t<div id=\"elementor-tab-title-2241\" class=\"elementor-tab-title\" data-tab=\"1\" role=\"button\" aria-controls=\"elementor-tab-content-2241\" aria-expanded=\"false\">\n\t\t\t\t\t\t\t\t\t\t\t\t<span class=\"elementor-toggle-icon elementor-toggle-icon-right\" aria-hidden=\"true\">\n\t\t\t\t\t\t\t\t\t\t\t\t\t\t\t<span class=\"elementor-toggle-icon-closed\"><i class=\"jki jki-angle-down-solid\"><\/i><\/span>\n\t\t\t\t\t\t\t\t<span class=\"elementor-toggle-icon-opened\"><i class=\"elementor-toggle-icon-opened jki jki-angle-up-solid\"><\/i><\/span>\n\t\t\t\t\t\t\t\t\t\t\t\t\t<\/span>\n\t\t\t\t\t\t\t\t\t\t\t\t<a class=\"elementor-toggle-title\" tabindex=\"0\">Intelligent Control<\/a>\n\t\t\t\t\t<\/div>\n\n\t\t\t\t\t<div id=\"elementor-tab-content-2241\" class=\"elementor-tab-content elementor-clearfix\" data-tab=\"1\" role=\"region\" aria-labelledby=\"elementor-tab-title-2241\"><p data-start=\"171\" data-end=\"271\">Motorized slats that regulate light, ventilation and rain protection with a single command.<\/p><\/div>\n\t\t\t\t<\/div>\n\t\t\t\t\t\t\t<div class=\"elementor-toggle-item\">\n\t\t\t\t\t<div id=\"elementor-tab-title-2242\" class=\"elementor-tab-title\" data-tab=\"2\" role=\"button\" aria-controls=\"elementor-tab-content-2242\" aria-expanded=\"false\">\n\t\t\t\t\t\t\t\t\t\t\t\t<span class=\"elementor-toggle-icon elementor-toggle-icon-right\" aria-hidden=\"true\">\n\t\t\t\t\t\t\t\t\t\t\t\t\t\t\t<span class=\"elementor-toggle-icon-closed\"><i class=\"jki jki-angle-down-solid\"><\/i><\/span>\n\t\t\t\t\t\t\t\t<span class=\"elementor-toggle-icon-opened\"><i class=\"elementor-toggle-icon-opened jki jki-angle-up-solid\"><\/i><\/span>\n\t\t\t\t\t\t\t\t\t\t\t\t\t<\/span>\n\t\t\t\t\t\t\t\t\t\t\t\t<a class=\"elementor-toggle-title\" tabindex=\"0\">Maximum Weather Resistance<\/a>\n\t\t\t\t\t<\/div>\n\n\t\t\t\t\t<div id=\"elementor-tab-content-2242\" class=\"elementor-tab-content elementor-clearfix\" data-tab=\"2\" role=\"region\" aria-labelledby=\"elementor-tab-title-2242\"><p data-start=\"318\" data-end=\"424\">Certified aluminum structures that guarantee stable operation against sun, wind and precipitation.<\/p><\/div>\n\t\t\t\t<\/div>\n\t\t\t\t\t\t\t<div class=\"elementor-toggle-item\">\n\t\t\t\t\t<div id=\"elementor-tab-title-2243\" class=\"elementor-tab-title\" data-tab=\"3\" role=\"button\" aria-controls=\"elementor-tab-content-2243\" aria-expanded=\"false\">\n\t\t\t\t\t\t\t\t\t\t\t\t<span class=\"elementor-toggle-icon elementor-toggle-icon-right\" aria-hidden=\"true\">\n\t\t\t\t\t\t\t\t\t\t\t\t\t\t\t<span class=\"elementor-toggle-icon-closed\"><i class=\"jki jki-angle-down-solid\"><\/i><\/span>\n\t\t\t\t\t\t\t\t<span class=\"elementor-toggle-icon-opened\"><i class=\"elementor-toggle-icon-opened jki jki-angle-up-solid\"><\/i><\/span>\n\t\t\t\t\t\t\t\t\t\t\t\t\t<\/span>\n\t\t\t\t\t\t\t\t\t\t\t\t<a class=\"elementor-toggle-title\" tabindex=\"0\">Integrated LED Lighting<\/a>\n\t\t\t\t\t<\/div>\n\n\t\t\t\t\t<div id=\"elementor-tab-content-2243\" class=\"elementor-tab-content elementor-clearfix\" data-tab=\"3\" role=\"region\" aria-labelledby=\"elementor-tab-title-2243\"><p>Ambient lighting options that transform the space into a modern and usable area even at night.<\/p><\/div>\n\t\t\t\t<\/div>\n\t\t\t\t\t\t\t<div class=\"elementor-toggle-item\">\n\t\t\t\t\t<div id=\"elementor-tab-title-2244\" class=\"elementor-tab-title\" data-tab=\"4\" role=\"button\" aria-controls=\"elementor-tab-content-2244\" aria-expanded=\"false\">\n\t\t\t\t\t\t\t\t\t\t\t\t<span class=\"elementor-toggle-icon elementor-toggle-icon-right\" aria-hidden=\"true\">\n\t\t\t\t\t\t\t\t\t\t\t\t\t\t\t<span class=\"elementor-toggle-icon-closed\"><i class=\"jki jki-angle-down-solid\"><\/i><\/span>\n\t\t\t\t\t\t\t\t<span class=\"elementor-toggle-icon-opened\"><i class=\"elementor-toggle-icon-opened jki jki-angle-up-solid\"><\/i><\/span>\n\t\t\t\t\t\t\t\t\t\t\t\t\t<\/span>\n\t\t\t\t\t\t\t\t\t\t\t\t<a class=\"elementor-toggle-title\" tabindex=\"0\">Side Closure and Additional Accessories<\/a>\n\t\t\t\t\t<\/div>\n\n\t\t\t\t\t<div id=\"elementor-tab-content-2244\" class=\"elementor-tab-content elementor-clearfix\" data-tab=\"4\" role=\"region\" aria-labelledby=\"elementor-tab-title-2244\"><p data-start=\"616\" data-end=\"718\">Bioclimatic rooms can be equipped with zip-screens, sliding windows, and weather sensors for complete comfort.<\/p><\/div>\n\t\t\t\t<\/div>\n\t\t\t\t\t\t\t<div class=\"elementor-toggle-item\">\n\t\t\t\t\t<div id=\"elementor-tab-title-2245\" class=\"elementor-tab-title\" data-tab=\"5\" role=\"button\" aria-controls=\"elementor-tab-content-2245\" aria-expanded=\"false\">\n\t\t\t\t\t\t\t\t\t\t\t\t<span class=\"elementor-toggle-icon elementor-toggle-icon-right\" aria-hidden=\"true\">\n\t\t\t\t\t\t\t\t\t\t\t\t\t\t\t<span class=\"elementor-toggle-icon-closed\"><i class=\"jki jki-angle-down-solid\"><\/i><\/span>\n\t\t\t\t\t\t\t\t<span class=\"elementor-toggle-icon-opened\"><i class=\"elementor-toggle-icon-opened jki jki-angle-up-solid\"><\/i><\/span>\n\t\t\t\t\t\t\t\t\t\t\t\t\t<\/span>\n\t\t\t\t\t\t\t\t\t\t\t\t<a class=\"elementor-toggle-title\" tabindex=\"0\">Minimal and Totally Customizable Design<\/a>\n\t\t\t\t\t<\/div>\n\n\t\t\t\t\t<div id=\"elementor-tab-content-2245\" class=\"elementor-tab-content elementor-clearfix\" data-tab=\"5\" role=\"region\" aria-labelledby=\"elementor-tab-title-2245\"><p data-start=\"781\" data-end=\"879\">Contemporary shapes, different colors and configurations according to the size and style of any environment.<\/p><\/div>\n\t\t\t\t<\/div>\n\t\t\t\t\t\t\t\t\t\t<script type=\"application\/ld+json\">{\n    \"@context\": \"https:\\\/\\\/schema.org\",\n    \"@type\": \"FAQPage\",\n    \"mainEntity\": [\n        {\n            \"@type\": \"Question\",\n            \"name\": \"Kontroll Inteligjent\",\n            \"acceptedAnswer\": {\n                \"@type\": \"Answer\",\n                \"text\": \"<p data-start=\\\"171\\\" data-end=\\\"271\\\">Flet\\u00eb t\\u00eb motorizuara q\\u00eb rregullojn\\u00eb drit\\u00ebn, ajrimin dhe mbrojtjen nga shiu me nj\\u00eb komand\\u00eb t\\u00eb vetme.<\\\/p>\"\n            }\n        },\n        {\n            \"@type\": \"Question\",\n            \"name\": \"Rezistenc\\u00eb Maksimale ndaj Motit\",\n            \"acceptedAnswer\": {\n                \"@type\": \"Answer\",\n                \"text\": \"<p data-start=\\\"318\\\" data-end=\\\"424\\\">Struktura alumini t\\u00eb certifikuara q\\u00eb garantojn\\u00eb funksionim t\\u00eb q\\u00ebndruesh\\u00ebm ndaj diellit, er\\u00ebs dhe reshjeve.<\\\/p>\"\n            }\n        },\n        {\n            \"@type\": \"Question\",\n            \"name\": \"Ndri\\u00e7im LED i Integruar\",\n            \"acceptedAnswer\": {\n                \"@type\": \"Answer\",\n                \"text\": \"<p>Opsione ndri\\u00e7imi ambienti q\\u00eb e shnd\\u00ebrrojn\\u00eb hap\\u00ebsir\\u00ebn n\\u00eb nj\\u00eb zon\\u00eb moderne dhe t\\u00eb p\\u00ebrdorshme edhe nat\\u00ebn.<\\\/p>\"\n            }\n        },\n        {\n            \"@type\": \"Question\",\n            \"name\": \"Mbyllje An\\u00ebsore dhe Aksesor\\u00eb Shtes\\u00eb\",\n            \"acceptedAnswer\": {\n                \"@type\": \"Answer\",\n                \"text\": \"<p data-start=\\\"616\\\" data-end=\\\"718\\\">Bioklimatiket mund t\\u00eb pajisen me zip-screen, xhama rr\\u00ebshqit\\u00ebs dhe sensor\\u00eb moti p\\u00ebr komoditet t\\u00eb plot\\u00eb.<\\\/p>\"\n            }\n        },\n        {\n            \"@type\": \"Question\",\n            \"name\": \"Dizajn Minimal dhe Totalisht i Personalizuesh\\u00ebm\",\n            \"acceptedAnswer\": {\n                \"@type\": \"Answer\",\n                \"text\": \"<p data-start=\\\"781\\\" data-end=\\\"879\\\">Forma bashk\\u00ebkohore, ngjyra t\\u00eb ndryshme dhe konfigurime sipas madh\\u00ebsis\\u00eb dhe stilit t\\u00eb \\u00e7do ambienti.<\\\/p>\"\n            }\n        }\n    ]\n}<\/script>\n\t\t\t\t\t<\/div>\n\t\t\t\t\t\t<\/div>\n\t\t\t\t<\/div>\n\t\t\t\t\t<\/div>\n\t\t\t\t<\/div>\n\t\t<div class=\"elementor-element elementor-element-81e3c02 e-con-full e-flex e-con e-child\" data-id=\"81e3c02\" data-element_type=\"container\" data-e-type=\"container\">\n\t\t<div class=\"elementor-element elementor-element-3331d03 e-con-full e-flex e-con e-child\" data-id=\"3331d03\" data-element_type=\"container\" data-e-type=\"container\">\n\t\t\t\t<div class=\"elementor-element elementor-element-c2bac73 elementor-widget elementor-widget-heading\" data-id=\"c2bac73\" data-element_type=\"widget\" data-e-type=\"widget\" data-widget_type=\"heading.default\">\n\t\t\t\t\t<h2 class=\"elementor-heading-title elementor-size-default\">Discover all the typologies of bioclimatic pergolas<\/h2>\t\t\t\t<\/div>\n\t\t\t\t<\/div>\n\t\t\t\t<\/div>\n\t\t<div class=\"elementor-element elementor-element-ed50546 e-flex e-con-boxed e-con e-parent\" data-id=\"ed50546\" data-element_type=\"container\" data-e-type=\"container\">\n\t\t\t\t\t<div class=\"e-con-inner\">\n\t\t<div class=\"elementor-element elementor-element-1c8d657 e-con-full e-flex e-con e-child\" data-id=\"1c8d657\" data-element_type=\"container\" data-e-type=\"container\">\n\t\t\t\t<div class=\"elementor-element elementor-element-0c55902 elementor-widget elementor-widget-image\" data-id=\"0c55902\" data-element_type=\"widget\" data-e-type=\"widget\" data-widget_type=\"image.default\">\n\t\t\t\t\t\t\t\t\t\t\t\t\t\t\t<img decoding=\"async\" width=\"1024\" height=\"693\" src=\"https:\/\/alsper.al\/wp-content\/uploads\/2025\/12\/Aerolux_1.jpg\" class=\"attachment-full size-full wp-image-1533\" alt=\"Bioclimatic Aluminum Pergola\" srcset=\"https:\/\/alsper.al\/wp-content\/uploads\/2025\/12\/Aerolux_1.jpg 1024w, https:\/\/alsper.al\/wp-content\/uploads\/2025\/12\/Aerolux_1-300x203.jpg 300w, https:\/\/alsper.al\/wp-content\/uploads\/2025\/12\/Aerolux_1-768x520.jpg 768w\" sizes=\"(max-width: 1024px) 100vw, 1024px\" \/>\t\t\t\t\t\t\t\t\t\t\t\t\t\t\t<\/div>\n\t\t\t\t<div class=\"elementor-element elementor-element-2d9a9ad elementor-widget elementor-widget-heading\" data-id=\"2d9a9ad\" data-element_type=\"widget\" data-e-type=\"widget\" data-widget_type=\"heading.default\">\n\t\t\t\t\t<h4 class=\"elementor-heading-title elementor-size-default\">Aerolux<\/h4>\t\t\t\t<\/div>\n\t\t\t\t<\/div>\n\t\t<div class=\"elementor-element elementor-element-2ce8ddf e-con-full e-flex e-con e-child\" data-id=\"2ce8ddf\" data-element_type=\"container\" data-e-type=\"container\">\n\t\t\t\t<div class=\"elementor-element elementor-element-6589d49 elementor-widget elementor-widget-image\" data-id=\"6589d49\" data-element_type=\"widget\" data-e-type=\"widget\" data-widget_type=\"image.default\">\n\t\t\t\t\t\t\t\t\t\t\t\t\t\t\t<img decoding=\"async\" src=\"https:\/\/alsper.al\/wp-content\/uploads\/2018\/09\/Axis.jpg\" title=\"\" alt=\"Bioclimatic Aluminum Pergola\" loading=\"lazy\" \/>\t\t\t\t\t\t\t\t\t\t\t\t\t\t\t<\/div>\n\t\t\t\t<div class=\"elementor-element elementor-element-37c5a52 elementor-widget elementor-widget-heading\" data-id=\"37c5a52\" data-element_type=\"widget\" data-e-type=\"widget\" data-widget_type=\"heading.default\">\n\t\t\t\t\t<h4 class=\"elementor-heading-title elementor-size-default\">Axis<\/h4>\t\t\t\t<\/div>\n\t\t\t\t<\/div>\n\t\t<div class=\"elementor-element elementor-element-22e2b6f e-con-full e-flex e-con e-child\" data-id=\"22e2b6f\" data-element_type=\"container\" data-e-type=\"container\">\n\t\t\t\t<div class=\"elementor-element elementor-element-62d861f elementor-widget elementor-widget-image\" data-id=\"62d861f\" data-element_type=\"widget\" data-e-type=\"widget\" data-widget_type=\"image.default\">\n\t\t\t\t\t\t\t\t\t\t\t\t\t\t\t<img decoding=\"async\" src=\"https:\/\/alsper.al\/wp-content\/uploads\/2018\/09\/Quattro.jpg\" title=\"\" alt=\"Bioclimatic Aluminum Pergola\" loading=\"lazy\" \/>\t\t\t\t\t\t\t\t\t\t\t\t\t\t\t<\/div>\n\t\t\t\t<div class=\"elementor-element elementor-element-97a9d71 elementor-widget elementor-widget-heading\" data-id=\"97a9d71\" data-element_type=\"widget\" data-e-type=\"widget\" data-widget_type=\"heading.default\">\n\t\t\t\t\t<h4 class=\"elementor-heading-title elementor-size-default\">Quattro<\/h4>\t\t\t\t<\/div>\n\t\t\t\t<\/div>\n\t\t\t\t\t<\/div>\n\t\t\t\t<\/div>\n\t\t\t\t<\/div>","protected":false},"excerpt":{"rendered":"<p>Pergola Bioklimatike Alumini Sisteme \u00e7atish t\u00eb palosshme alumini me \u00e7ati bioklimatike dhe me rrotullim nga ALSPER p\u00ebrfaq\u00ebsojn\u00eb gjenerat\u00ebn e re t\u00eb zgjidhjeve arkitekturore. Keto sisteme bioklimatike p\u00ebr tarraca, veranda, ballkone, ambiente hotelerie dhe hap\u00ebsira biznesi. Me dizajn minimal, struktura t\u00eb q\u00ebndrueshme dhe teknologji t\u00eb lart\u00eb t\u00eb lamelave rrotulluese, ato ofrojn\u00eb kontroll t\u00eb plot\u00eb t\u00eb drit\u00ebs, [&hellip;]<\/p>","protected":false},"author":1,"featured_media":0,"parent":0,"menu_order":0,"comment_status":"closed","ping_status":"closed","template":"","meta":{"footnotes":""},"class_list":["post-700","page","type-page","status-publish","hentry"],"yoast_head":"<!-- This site is optimized with the Yoast SEO plugin v27.5 - https:\/\/yoast.com\/product\/yoast-seo-wordpress\/ -->\n<title>Pergola Bioklimatike Alumini<\/title>\n<meta name=\"description\" content=\"Pergola Bioklimatike Alumini. Sisteme Catie Bioklimatike. Prodhim Montim Projektim Catia Bioklimatike oborre, veranda, vila, tarraca.\" \/>\n<meta name=\"robots\" content=\"index, follow, max-snippet:-1, max-image-preview:large, max-video-preview:-1\" \/>\n<link rel=\"canonical\" href=\"https:\/\/alsper.al\/en\/pergola-bioklimatike-alumini\/\" \/>\n<meta property=\"og:locale\" content=\"en_US\" \/>\n<meta property=\"og:type\" content=\"article\" \/>\n<meta property=\"og:title\" content=\"Pergola Bioklimatike Alumini\" \/>\n<meta property=\"og:description\" content=\"Pergola Bioklimatike Alumini. Sisteme Catie Bioklimatike. Prodhim Montim Projektim Catia Bioklimatike oborre, veranda, vila, tarraca.\" \/>\n<meta property=\"og:url\" content=\"https:\/\/alsper.al\/en\/pergola-bioklimatike-alumini\/\" \/>\n<meta property=\"article:modified_time\" content=\"2025-12-06T22:25:17+00:00\" \/>\n<meta property=\"og:image\" content=\"https:\/\/alsper.al\/wp-content\/uploads\/2018\/09\/Prive-featured.jpg\" \/>\n\t<meta property=\"og:image:width\" content=\"1195\" \/>\n\t<meta property=\"og:image:height\" content=\"808\" \/>\n\t<meta property=\"og:image:type\" content=\"image\/jpeg\" \/>\n<meta name=\"twitter:label1\" content=\"Est. reading time\" \/>\n\t<meta name=\"twitter:data1\" content=\"2 minutes\" \/>\n<script type=\"application\/ld+json\" class=\"yoast-schema-graph\">{\"@context\":\"https:\\\/\\\/schema.org\",\"@graph\":[{\"@type\":\"WebPage\",\"@id\":\"https:\\\/\\\/alsper.al\\\/pergola-bioklimatike-alumini\\\/\",\"url\":\"https:\\\/\\\/alsper.al\\\/pergola-bioklimatike-alumini\\\/\",\"name\":\"Pergola Bioklimatike Alumini\",\"isPartOf\":{\"@id\":\"https:\\\/\\\/alsper.al\\\/#website\"},\"primaryImageOfPage\":{\"@id\":\"https:\\\/\\\/alsper.al\\\/pergola-bioklimatike-alumini\\\/#primaryimage\"},\"image\":{\"@id\":\"https:\\\/\\\/alsper.al\\\/pergola-bioklimatike-alumini\\\/#primaryimage\"},\"thumbnailUrl\":\"https:\\\/\\\/alsper.al\\\/wp-content\\\/uploads\\\/2018\\\/09\\\/Prive-featured-1024x692.jpg\",\"datePublished\":\"2018-07-29T00:09:53+00:00\",\"dateModified\":\"2025-12-06T22:25:17+00:00\",\"description\":\"Pergola Bioklimatike Alumini. Sisteme Catie Bioklimatike. Prodhim Montim Projektim Catia Bioklimatike oborre, veranda, vila, tarraca.\",\"inLanguage\":\"en-US\",\"potentialAction\":[{\"@type\":\"ReadAction\",\"target\":[\"https:\\\/\\\/alsper.al\\\/pergola-bioklimatike-alumini\\\/\"]}]},{\"@type\":\"ImageObject\",\"inLanguage\":\"en-US\",\"@id\":\"https:\\\/\\\/alsper.al\\\/pergola-bioklimatike-alumini\\\/#primaryimage\",\"url\":\"https:\\\/\\\/alsper.al\\\/wp-content\\\/uploads\\\/2018\\\/09\\\/Prive-featured-1024x692.jpg\",\"contentUrl\":\"https:\\\/\\\/alsper.al\\\/wp-content\\\/uploads\\\/2018\\\/09\\\/Prive-featured-1024x692.jpg\"},{\"@type\":\"WebSite\",\"@id\":\"https:\\\/\\\/alsper.al\\\/#website\",\"url\":\"https:\\\/\\\/alsper.al\\\/\",\"name\":\"\",\"description\":\"\",\"potentialAction\":[{\"@type\":\"SearchAction\",\"target\":{\"@type\":\"EntryPoint\",\"urlTemplate\":\"https:\\\/\\\/alsper.al\\\/?s={search_term_string}\"},\"query-input\":{\"@type\":\"PropertyValueSpecification\",\"valueRequired\":true,\"valueName\":\"search_term_string\"}}],\"inLanguage\":\"en-US\"}]}<\/script>\n<!-- \/ Yoast SEO plugin. -->","yoast_head_json":{"title":"Bioclimatic Aluminum Pergola","description":"Bioclimatic Aluminum Pergola. Bioclimatic Roof Systems. Production, Installation, Design, Bioclimatic Roof for yards, verandas, villas, terraces.","robots":{"index":"index","follow":"follow","max-snippet":"max-snippet:-1","max-image-preview":"max-image-preview:large","max-video-preview":"max-video-preview:-1"},"canonical":"https:\/\/alsper.al\/en\/pergola-bioklimatike-alumini\/","og_locale":"en_US","og_type":"article","og_title":"Pergola Bioklimatike Alumini","og_description":"Pergola Bioklimatike Alumini. Sisteme Catie Bioklimatike. Prodhim Montim Projektim Catia Bioklimatike oborre, veranda, vila, tarraca.","og_url":"https:\/\/alsper.al\/en\/pergola-bioklimatike-alumini\/","article_modified_time":"2025-12-06T22:25:17+00:00","og_image":[{"width":1195,"height":808,"url":"https:\/\/alsper.al\/wp-content\/uploads\/2018\/09\/Prive-featured.jpg","type":"image\/jpeg"}],"twitter_misc":{"Est. reading time":"2 minutes"},"schema":{"@context":"https:\/\/schema.org","@graph":[{"@type":"WebPage","@id":"https:\/\/alsper.al\/pergola-bioklimatike-alumini\/","url":"https:\/\/alsper.al\/pergola-bioklimatike-alumini\/","name":"Bioclimatic Aluminum Pergola","isPartOf":{"@id":"https:\/\/alsper.al\/#website"},"primaryImageOfPage":{"@id":"https:\/\/alsper.al\/pergola-bioklimatike-alumini\/#primaryimage"},"image":{"@id":"https:\/\/alsper.al\/pergola-bioklimatike-alumini\/#primaryimage"},"thumbnailUrl":"https:\/\/alsper.al\/wp-content\/uploads\/2018\/09\/Prive-featured-1024x692.jpg","datePublished":"2018-07-29T00:09:53+00:00","dateModified":"2025-12-06T22:25:17+00:00","description":"Bioclimatic Aluminum Pergola. Bioclimatic Roof Systems. Production, Installation, Design, Bioclimatic Roof for yards, verandas, villas, terraces.","inLanguage":"en-US","potentialAction":[{"@type":"ReadAction","target":["https:\/\/alsper.al\/pergola-bioklimatike-alumini\/"]}]},{"@type":"ImageObject","inLanguage":"en-US","@id":"https:\/\/alsper.al\/pergola-bioklimatike-alumini\/#primaryimage","url":"https:\/\/alsper.al\/wp-content\/uploads\/2018\/09\/Prive-featured-1024x692.jpg","contentUrl":"https:\/\/alsper.al\/wp-content\/uploads\/2018\/09\/Prive-featured-1024x692.jpg"},{"@type":"WebSite","@id":"https:\/\/alsper.al\/#website","url":"https:\/\/alsper.al\/","name":"","description":"","potentialAction":[{"@type":"SearchAction","target":{"@type":"EntryPoint","urlTemplate":"https:\/\/alsper.al\/?s={search_term_string}"},"query-input":{"@type":"PropertyValueSpecification","valueRequired":true,"valueName":"search_term_string"}}],"inLanguage":"en-US"}]}},"_links":{"self":[{"href":"https:\/\/alsper.al\/en\/wp-json\/wp\/v2\/pages\/700","targetHints":{"allow":["GET"]}}],"collection":[{"href":"https:\/\/alsper.al\/en\/wp-json\/wp\/v2\/pages"}],"about":[{"href":"https:\/\/alsper.al\/en\/wp-json\/wp\/v2\/types\/page"}],"author":[{"embeddable":true,"href":"https:\/\/alsper.al\/en\/wp-json\/wp\/v2\/users\/1"}],"replies":[{"embeddable":true,"href":"https:\/\/alsper.al\/en\/wp-json\/wp\/v2\/comments?post=700"}],"version-history":[{"count":46,"href":"https:\/\/alsper.al\/en\/wp-json\/wp\/v2\/pages\/700\/revisions"}],"predecessor-version":[{"id":1809,"href":"https:\/\/alsper.al\/en\/wp-json\/wp\/v2\/pages\/700\/revisions\/1809"}],"wp:attachment":[{"href":"https:\/\/alsper.al\/en\/wp-json\/wp\/v2\/media?parent=700"}],"curies":[{"name":"wp","href":"https:\/\/api.w.org\/{rel}","templated":true}]}}